{"id":135,"date":"2020-07-24T17:50:13","date_gmt":"2020-07-24T20:50:13","guid":{"rendered":"http:\/\/solucoes.prodesp.sp.gov.br\/solucoes\/portais\/template\/2\/?page_id=135"},"modified":"2020-07-24T19:01:39","modified_gmt":"2020-07-24T22:01:39","slug":"servicos","status":"publish","type":"page","link":"https:\/\/solucoes.prodesp.sp.gov.br\/apps\/portais\/template\/2\/index.php\/servicos\/","title":{"rendered":"Servi\u00e7os"},"content":{"rendered":"\t\t<div data-elementor-type=\"wp-page\" data-elementor-id=\"135\" class=\"elementor elementor-135\" data-elementor-settings=\"[]\">\n\t\t\t\t\t\t<div class=\"elementor-inner\">\n\t\t\t\t\t\t\t<div class=\"elementor-section-wrap\">\n\t\t\t\t\t\t\t<section class=\"elementor-section elementor-top-section elementor-element elementor-element-6ff1d3b elementor-section-boxed elementor-section-height-default elementor-section-height-default\" data-id=\"6ff1d3b\" data-element_type=\"section\">\n\t\t\t\t\t\t<div class=\"elementor-container elementor-column-gap-default\">\n\t\t\t\t\t\t\t<div class=\"elementor-row\">\n\t\t\t\t\t<div class=\"elementor-column elementor-col-100 elementor-top-column elementor-element elementor-element-041f62c\" data-id=\"041f62c\" data-element_type=\"column\">\n\t\t\t<div class=\"elementor-column-wrap elementor-element-populated\">\n\t\t\t\t\t\t\t<div class=\"elementor-widget-wrap\">\n\t\t\t\t\t\t<div class=\"elementor-element elementor-element-64a4fc1 elementor-widget elementor-widget-heading\" data-id=\"64a4fc1\" data-element_type=\"widget\" data-widget_type=\"heading.default\">\n\t\t\t\t<div class=\"elementor-widget-container\">\n\t\t\t<h2 class=\"elementor-heading-title elementor-size-default\">Mais acessados<\/h2>\t\t<\/div>\n\t\t\t\t<\/div>\n\t\t\t\t<section class=\"elementor-section elementor-inner-section elementor-element elementor-element-0d7d00d elementor-section-boxed elementor-section-height-default elementor-section-height-default\" data-id=\"0d7d00d\" data-element_type=\"section\">\n\t\t\t\t\t\t<div class=\"elementor-container elementor-column-gap-default\">\n\t\t\t\t\t\t\t<div class=\"elementor-row\">\n\t\t\t\t\t<div class=\"elementor-column elementor-col-50 elementor-inner-column elementor-element elementor-element-4b6b744\" data-id=\"4b6b744\" data-element_type=\"column\">\n\t\t\t<div class=\"elementor-column-wrap elementor-element-populated\">\n\t\t\t\t\t\t\t<div class=\"elementor-widget-wrap\">\n\t\t\t\t\t\t<div class=\"elementor-element elementor-element-78af403 elementor-position-top elementor-vertical-align-top elementor-widget elementor-widget-image-box\" data-id=\"78af403\" data-element_type=\"widget\" data-widget_type=\"image-box.default\">\n\t\t\t\t<div class=\"elementor-widget-container\">\n\t\t\t<div class=\"elementor-image-box-wrapper\"><figure class=\"elementor-image-box-img\"><a href=\"https:\/\/www.vunesp.com.br\/\" target=\"_blank\"><img width=\"200\" height=\"200\" src=\"https:\/\/solucoes.prodesp.sp.gov.br\/apps\/portais\/template\/2\/wp-content\/uploads\/2020\/07\/concurso.png\" class=\"attachment-full size-full\" alt=\"\" loading=\"lazy\" srcset=\"https:\/\/solucoes.prodesp.sp.gov.br\/apps\/portais\/template\/2\/wp-content\/uploads\/2020\/07\/concurso.png 200w, https:\/\/solucoes.prodesp.sp.gov.br\/apps\/portais\/template\/2\/wp-content\/uploads\/2020\/07\/concurso-150x150.png 150w\" sizes=\"(max-width: 200px) 100vw, 200px\" \/><\/a><\/figure><div class=\"elementor-image-box-content\"><h3 class=\"elementor-image-box-title\"><a href=\"https:\/\/www.vunesp.com.br\/\" target=\"_blank\">Concurso<\/a><\/h3><\/div><\/div>\t\t<\/div>\n\t\t\t\t<\/div>\n\t\t\t\t\t\t<\/div>\n\t\t\t\t\t<\/div>\n\t\t<\/div>\n\t\t\t\t<div class=\"elementor-column elementor-col-50 elementor-inner-column elementor-element elementor-element-369a8ae\" data-id=\"369a8ae\" data-element_type=\"column\">\n\t\t\t<div class=\"elementor-column-wrap elementor-element-populated\">\n\t\t\t\t\t\t\t<div class=\"elementor-widget-wrap\">\n\t\t\t\t\t\t<div class=\"elementor-element elementor-element-353e128 elementor-position-top elementor-vertical-align-top elementor-widget elementor-widget-image-box\" data-id=\"353e128\" data-element_type=\"widget\" data-widget_type=\"image-box.default\">\n\t\t\t\t<div class=\"elementor-widget-container\">\n\t\t\t<div class=\"elementor-image-box-wrapper\"><figure class=\"elementor-image-box-img\"><a href=\"https:\/\/www.bec.sp.gov.br\/\" target=\"_blank\"><img width=\"200\" height=\"200\" src=\"https:\/\/solucoes.prodesp.sp.gov.br\/apps\/portais\/template\/2\/wp-content\/uploads\/2020\/07\/bec.png\" class=\"attachment-full size-full\" alt=\"\" loading=\"lazy\" srcset=\"https:\/\/solucoes.prodesp.sp.gov.br\/apps\/portais\/template\/2\/wp-content\/uploads\/2020\/07\/bec.png 200w, https:\/\/solucoes.prodesp.sp.gov.br\/apps\/portais\/template\/2\/wp-content\/uploads\/2020\/07\/bec-150x150.png 150w\" sizes=\"(max-width: 200px) 100vw, 200px\" \/><\/a><\/figure><div class=\"elementor-image-box-content\"><h3 class=\"elementor-image-box-title\"><a href=\"https:\/\/www.bec.sp.gov.br\/\" target=\"_blank\">Licita\u00e7\u00f5es<\/a><\/h3><\/div><\/div>\t\t<\/div>\n\t\t\t\t<\/div>\n\t\t\t\t\t\t<\/div>\n\t\t\t\t\t<\/div>\n\t\t<\/div>\n\t\t\t\t\t\t\t\t<\/div>\n\t\t\t\t\t<\/div>\n\t\t<\/section>\n\t\t\t\t<div class=\"elementor-element elementor-element-9dc4dc9 elementor-widget elementor-widget-heading\" data-id=\"9dc4dc9\" data-element_type=\"widget\" data-widget_type=\"heading.default\">\n\t\t\t\t<div class=\"elementor-widget-container\">\n\t\t\t<h2 class=\"elementor-heading-title elementor-size-default\">Mais acessados<\/h2>\t\t<\/div>\n\t\t\t\t<\/div>\n\t\t\t\t<section class=\"elementor-section elementor-inner-section elementor-element elementor-element-eda988e elementor-section-boxed elementor-section-height-default elementor-section-height-default\" data-id=\"eda988e\" data-element_type=\"section\">\n\t\t\t\t\t\t<div class=\"elementor-container elementor-column-gap-default\">\n\t\t\t\t\t\t\t<div class=\"elementor-row\">\n\t\t\t\t\t<div class=\"elementor-column elementor-col-25 elementor-inner-column elementor-element elementor-element-31046fb\" data-id=\"31046fb\" data-element_type=\"column\">\n\t\t\t<div class=\"elementor-column-wrap elementor-element-populated\">\n\t\t\t\t\t\t\t<div class=\"elementor-widget-wrap\">\n\t\t\t\t\t\t<div class=\"elementor-element elementor-element-52098f1 elementor-position-top elementor-vertical-align-top elementor-widget elementor-widget-image-box\" data-id=\"52098f1\" data-element_type=\"widget\" data-widget_type=\"image-box.default\">\n\t\t\t\t<div class=\"elementor-widget-container\">\n\t\t\t<div class=\"elementor-image-box-wrapper\"><figure class=\"elementor-image-box-img\"><a href=\"#\" target=\"_blank\"><img width=\"200\" height=\"200\" src=\"https:\/\/solucoes.prodesp.sp.gov.br\/apps\/portais\/template\/2\/wp-content\/uploads\/2020\/07\/iptu1.png\" class=\"attachment-full size-full\" alt=\"\" loading=\"lazy\" srcset=\"https:\/\/solucoes.prodesp.sp.gov.br\/apps\/portais\/template\/2\/wp-content\/uploads\/2020\/07\/iptu1.png 200w, https:\/\/solucoes.prodesp.sp.gov.br\/apps\/portais\/template\/2\/wp-content\/uploads\/2020\/07\/iptu1-150x150.png 150w\" sizes=\"(max-width: 200px) 100vw, 200px\" \/><\/a><\/figure><div class=\"elementor-image-box-content\"><h3 class=\"elementor-image-box-title\"><a href=\"#\" target=\"_blank\">IPTU<\/a><\/h3><\/div><\/div>\t\t<\/div>\n\t\t\t\t<\/div>\n\t\t\t\t\t\t<\/div>\n\t\t\t\t\t<\/div>\n\t\t<\/div>\n\t\t\t\t<div class=\"elementor-column elementor-col-25 elementor-inner-column elementor-element elementor-element-39488eb\" data-id=\"39488eb\" data-element_type=\"column\">\n\t\t\t<div class=\"elementor-column-wrap elementor-element-populated\">\n\t\t\t\t\t\t\t<div class=\"elementor-widget-wrap\">\n\t\t\t\t\t\t<div class=\"elementor-element elementor-element-af17bd8 elementor-position-top elementor-vertical-align-top elementor-widget elementor-widget-image-box\" data-id=\"af17bd8\" data-element_type=\"widget\" data-widget_type=\"image-box.default\">\n\t\t\t\t<div class=\"elementor-widget-container\">\n\t\t\t<div class=\"elementor-image-box-wrapper\"><figure class=\"elementor-image-box-img\"><a href=\"#\" target=\"_blank\"><img width=\"200\" height=\"200\" src=\"https:\/\/solucoes.prodesp.sp.gov.br\/apps\/portais\/template\/2\/wp-content\/uploads\/2020\/07\/nfe1.png\" class=\"attachment-full size-full\" alt=\"\" loading=\"lazy\" srcset=\"https:\/\/solucoes.prodesp.sp.gov.br\/apps\/portais\/template\/2\/wp-content\/uploads\/2020\/07\/nfe1.png 200w, https:\/\/solucoes.prodesp.sp.gov.br\/apps\/portais\/template\/2\/wp-content\/uploads\/2020\/07\/nfe1-150x150.png 150w\" sizes=\"(max-width: 200px) 100vw, 200px\" \/><\/a><\/figure><div class=\"elementor-image-box-content\"><h3 class=\"elementor-image-box-title\"><a href=\"#\" target=\"_blank\">Nota fiscal eletr\u00f4nica<\/a><\/h3><\/div><\/div>\t\t<\/div>\n\t\t\t\t<\/div>\n\t\t\t\t\t\t<\/div>\n\t\t\t\t\t<\/div>\n\t\t<\/div>\n\t\t\t\t<div class=\"elementor-column elementor-col-25 elementor-inner-column elementor-element elementor-element-0990b4e\" data-id=\"0990b4e\" data-element_type=\"column\">\n\t\t\t<div class=\"elementor-column-wrap elementor-element-populated\">\n\t\t\t\t\t\t\t<div class=\"elementor-widget-wrap\">\n\t\t\t\t\t\t<div class=\"elementor-element elementor-element-ce5f022 elementor-position-top elementor-vertical-align-top elementor-widget elementor-widget-image-box\" data-id=\"ce5f022\" data-element_type=\"widget\" data-widget_type=\"image-box.default\">\n\t\t\t\t<div class=\"elementor-widget-container\">\n\t\t\t<div class=\"elementor-image-box-wrapper\"><figure class=\"elementor-image-box-img\"><a href=\"#\" target=\"_blank\"><img width=\"200\" height=\"200\" src=\"https:\/\/solucoes.prodesp.sp.gov.br\/apps\/portais\/template\/2\/wp-content\/uploads\/2020\/07\/certidao-negativa1.png\" class=\"attachment-full size-full\" alt=\"\" loading=\"lazy\" srcset=\"https:\/\/solucoes.prodesp.sp.gov.br\/apps\/portais\/template\/2\/wp-content\/uploads\/2020\/07\/certidao-negativa1.png 200w, https:\/\/solucoes.prodesp.sp.gov.br\/apps\/portais\/template\/2\/wp-content\/uploads\/2020\/07\/certidao-negativa1-150x150.png 150w\" sizes=\"(max-width: 200px) 100vw, 200px\" \/><\/a><\/figure><div class=\"elementor-image-box-content\"><h3 class=\"elementor-image-box-title\"><a href=\"#\" target=\"_blank\">Certid\u00e3o negativa<\/a><\/h3><\/div><\/div>\t\t<\/div>\n\t\t\t\t<\/div>\n\t\t\t\t\t\t<\/div>\n\t\t\t\t\t<\/div>\n\t\t<\/div>\n\t\t\t\t<div class=\"elementor-column elementor-col-25 elementor-inner-column elementor-element elementor-element-94d6e25\" data-id=\"94d6e25\" data-element_type=\"column\">\n\t\t\t<div class=\"elementor-column-wrap elementor-element-populated\">\n\t\t\t\t\t\t\t<div class=\"elementor-widget-wrap\">\n\t\t\t\t\t\t<div class=\"elementor-element elementor-element-6f93a51 elementor-position-top elementor-vertical-align-top elementor-widget elementor-widget-image-box\" data-id=\"6f93a51\" data-element_type=\"widget\" data-widget_type=\"image-box.default\">\n\t\t\t\t<div class=\"elementor-widget-container\">\n\t\t\t<div class=\"elementor-image-box-wrapper\"><figure class=\"elementor-image-box-img\"><a href=\"#\" target=\"_blank\"><img width=\"200\" height=\"200\" src=\"https:\/\/solucoes.prodesp.sp.gov.br\/apps\/portais\/template\/2\/wp-content\/uploads\/2020\/07\/pesquisa-processos1.png\" class=\"attachment-full size-full\" alt=\"\" loading=\"lazy\" srcset=\"https:\/\/solucoes.prodesp.sp.gov.br\/apps\/portais\/template\/2\/wp-content\/uploads\/2020\/07\/pesquisa-processos1.png 200w, https:\/\/solucoes.prodesp.sp.gov.br\/apps\/portais\/template\/2\/wp-content\/uploads\/2020\/07\/pesquisa-processos1-150x150.png 150w\" sizes=\"(max-width: 200px) 100vw, 200px\" \/><\/a><\/figure><div class=\"elementor-image-box-content\"><h3 class=\"elementor-image-box-title\"><a href=\"#\" target=\"_blank\">Consulta de processos<\/a><\/h3><\/div><\/div>\t\t<\/div>\n\t\t\t\t<\/div>\n\t\t\t\t\t\t<\/div>\n\t\t\t\t\t<\/div>\n\t\t<\/div>\n\t\t\t\t\t\t\t\t<\/div>\n\t\t\t\t\t<\/div>\n\t\t<\/section>\n\t\t\t\t\t\t<\/div>\n\t\t\t\t\t<\/div>\n\t\t<\/div>\n\t\t\t\t\t\t\t\t<\/div>\n\t\t\t\t\t<\/div>\n\t\t<\/section>\n\t\t\t\t\t\t<\/div>\n\t\t\t\t\t\t<\/div>\n\t\t\t\t\t<\/div>\n\t\t","protected":false},"excerpt":{"rendered":"<p>Mais acessados Concurso Licita\u00e7\u00f5es Mais acessados IPTU Nota fiscal eletr\u00f4nica Certid\u00e3o negativa Consulta de processos<\/p>\n","protected":false},"author":1,"featured_media":0,"parent":0,"menu_order":0,"comment_status":"closed","ping_status":"closed","template":"","meta":[],"_links":{"self":[{"href":"https:\/\/solucoes.prodesp.sp.gov.br\/apps\/portais\/template\/2\/index.php\/wp-json\/wp\/v2\/pages\/135"}],"collection":[{"href":"https:\/\/solucoes.prodesp.sp.gov.br\/apps\/portais\/template\/2\/index.php\/wp-json\/wp\/v2\/pages"}],"about":[{"href":"https:\/\/solucoes.prodesp.sp.gov.br\/apps\/portais\/template\/2\/index.php\/wp-json\/wp\/v2\/types\/page"}],"author":[{"embeddable":true,"href":"https:\/\/solucoes.prodesp.sp.gov.br\/apps\/portais\/template\/2\/index.php\/wp-json\/wp\/v2\/users\/1"}],"replies":[{"embeddable":true,"href":"https:\/\/solucoes.prodesp.sp.gov.br\/apps\/portais\/template\/2\/index.php\/wp-json\/wp\/v2\/comments?post=135"}],"version-history":[{"count":5,"href":"https:\/\/solucoes.prodesp.sp.gov.br\/apps\/portais\/template\/2\/index.php\/wp-json\/wp\/v2\/pages\/135\/revisions"}],"predecessor-version":[{"id":155,"href":"https:\/\/solucoes.prodesp.sp.gov.br\/apps\/portais\/template\/2\/index.php\/wp-json\/wp\/v2\/pages\/135\/revisions\/155"}],"wp:attachment":[{"href":"https:\/\/solucoes.prodesp.sp.gov.br\/apps\/portais\/template\/2\/index.php\/wp-json\/wp\/v2\/media?parent=135"}],"curies":[{"name":"wp","href":"https:\/\/api.w.org\/{rel}","templated":true}]}}